{"id":43,"date":"2025-09-20T14:40:26","date_gmt":"2025-09-20T14:40:26","guid":{"rendered":"http:\/\/gabinet-farmaceuty.pl\/?page_id=43"},"modified":"2025-12-07T22:44:13","modified_gmt":"2025-12-07T22:44:13","slug":"gabinet-farmaceutyczny-dominika-sitek","status":"publish","type":"page","link":"https:\/\/gabinet-farmaceuty.pl\/","title":{"rendered":"Gabinet Farmaceutyczny Dominika Sitek"},"content":{"rendered":"\t\t<div data-elementor-type=\"wp-page\" data-elementor-id=\"43\" class=\"elementor elementor-43\" data-elementor-post-type=\"page\">\n\t\t\t\t<div class=\"elementor-element elementor-element-6f26ad99 e-con-full e-flex e-con e-parent\" data-id=\"6f26ad99\" data-element_type=\"container\" data-settings=\"{&quot;background_background&quot;:&quot;gradient&quot;}\">\n\t\t<div class=\"elementor-element elementor-element-27b9724a e-con-full e-flex e-con e-child\" data-id=\"27b9724a\" data-element_type=\"container\">\n\t\t\t\t<div class=\"elementor-element elementor-element-6529d112 elementor-widget elementor-widget-heading\" data-id=\"6529d112\" data-element_type=\"widget\" data-widget_type=\"heading.default\">\n\t\t\t\t\t<h1 class=\"elementor-heading-title elementor-size-default\">Twoje zdrowie jest dla mnie priorytetem<\/h1>\t\t\t\t<\/div>\n\t\t\t\t<div class=\"elementor-element elementor-element-38f9bb57 elementor-widget elementor-widget-heading\" data-id=\"38f9bb57\" data-element_type=\"widget\" data-widget_type=\"heading.default\">\n\t\t\t\t\t<h5 class=\"elementor-heading-title elementor-size-default\">Oferuj\u0119 profesjonalne wsparcie farmakoterapii, dostosowane do Twoich potrzeb.<\/h5>\t\t\t\t<\/div>\n\t\t\t\t<div class=\"elementor-element elementor-element-15f716aa elementor-widget__width-auto elementor-align-center elementor-widget elementor-widget-button\" data-id=\"15f716aa\" data-element_type=\"widget\" data-widget_type=\"button.default\">\n\t\t\t\t\t\t\t\t\t\t<a class=\"elementor-button elementor-button-link elementor-size-sm\" href=\"http:\/\/gabinet-farmaceuty.pl\/?page_id=34#kalendarz\">\n\t\t\t\t\t\t<span class=\"elementor-button-content-wrapper\">\n\t\t\t\t\t\t\t\t\t<span class=\"elementor-button-text\">Rezerwacja wizyty<\/span>\n\t\t\t\t\t<\/span>\n\t\t\t\t\t<\/a>\n\t\t\t\t\t\t\t\t<\/div>\n\t\t\t\t<\/div>\n\t\t\t\t<\/div>\n\t\t<div class=\"elementor-element elementor-element-b4f3ccb e-flex e-con-boxed e-con e-parent\" data-id=\"b4f3ccb\" data-element_type=\"container\">\n\t\t\t\t\t<div class=\"e-con-inner\">\n\t\t\t\t<div class=\"elementor-element elementor-element-7ca7838 elementor-widget elementor-widget-spacer\" data-id=\"7ca7838\" data-element_type=\"widget\" data-widget_type=\"spacer.default\">\n\t\t\t\t\t\t\t<div class=\"elementor-spacer\">\n\t\t\t<div class=\"elementor-spacer-inner\"><\/div>\n\t\t<\/div>\n\t\t\t\t\t\t<\/div>\n\t\t\t\t\t<\/div>\n\t\t\t\t<\/div>\n\t\t<div class=\"elementor-element elementor-element-4d9e0c6b e-flex e-con-boxed e-con e-parent\" data-id=\"4d9e0c6b\" data-element_type=\"container\" data-settings=\"{&quot;background_background&quot;:&quot;classic&quot;}\">\n\t\t\t\t\t<div class=\"e-con-inner\">\n\t\t<div class=\"elementor-element elementor-element-27e5dd34 e-con-full e-flex e-con e-child\" data-id=\"27e5dd34\" data-element_type=\"container\">\n\t\t\t\t<div class=\"elementor-element elementor-element-7b1a83ba elementor-widget elementor-widget-heading\" data-id=\"7b1a83ba\" data-element_type=\"widget\" data-widget_type=\"heading.default\">\n\t\t\t\t\t<h2 class=\"elementor-heading-title elementor-size-default\">Jak wygl\u0105da wizyta w gabinecie farmaceuty?<\/h2>\t\t\t\t<\/div>\n\t\t<div class=\"elementor-element elementor-element-79c4221 e-con-full e-flex e-con e-child\" data-id=\"79c4221\" data-element_type=\"container\" data-settings=\"{&quot;background_background&quot;:&quot;classic&quot;}\">\n\t\t\t\t<div class=\"elementor-element elementor-element-7684d8b5 elementor-widget__width-initial elementor-widget elementor-widget-heading\" data-id=\"7684d8b5\" data-element_type=\"widget\" data-widget_type=\"heading.default\">\n\t\t\t\t\t<h5 class=\"elementor-heading-title elementor-size-default\">Wizyta w gabinecie farmaceuty to nie tylko konsultacja dotycz\u0105ca lek\u00f3w \u2014 to bezpieczna i komfortowa przestrze\u0144, w kt\u00f3rej pacjent mo\u017ce uzyska\u0107 rzetelne wsparcie w zakresie zdrowia i farmakoterapii.<\/h5>\t\t\t\t<\/div>\n\t\t\t\t<\/div>\n\t\t\t\t<div class=\"elementor-element elementor-element-e0e587f elementor--h-position-center elementor--v-position-middle elementor-arrows-position-inside elementor-pagination-position-inside elementor-widget elementor-widget-slides\" data-id=\"e0e587f\" data-element_type=\"widget\" data-settings=\"{&quot;navigation&quot;:&quot;both&quot;,&quot;autoplay&quot;:&quot;yes&quot;,&quot;pause_on_hover&quot;:&quot;yes&quot;,&quot;pause_on_interaction&quot;:&quot;yes&quot;,&quot;autoplay_speed&quot;:5000,&quot;infinite&quot;:&quot;yes&quot;,&quot;transition&quot;:&quot;slide&quot;,&quot;transition_speed&quot;:500}\" data-widget_type=\"slides.default\">\n\t\t\t\t\t\t\t\t\t\t<div class=\"elementor-slides-wrapper elementor-main-swiper swiper\" role=\"region\" aria-roledescription=\"carousel\" aria-label=\"Slides\" dir=\"ltr\" data-animation=\"fadeInUp\">\n\t\t\t\t<div class=\"swiper-wrapper elementor-slides\">\n\t\t\t\t\t\t\t\t\t\t<div class=\"elementor-repeater-item-2dd06f3 swiper-slide\" role=\"group\" aria-roledescription=\"slide\"><div class=\"swiper-slide-bg\" role=\"img\"><\/div><a class=\"swiper-slide-inner\" href=\"http:\/\/gabinet-farmaceuty.pl\/?page_id=34#kalendarz\"><div class=\"swiper-slide-contents\"><div class=\"elementor-slide-heading\">1. Um\u00f3wienie wizyty\u200b<\/div><div class=\"elementor-slide-description\">Mo\u017cesz zapisa\u0107 si\u0119 telefonicznie, przez wiadomo\u015b\u0107 e-mail lub osobi\u015bcie w gabinecie. Istnieje r\u00f3wnie\u017c mo\u017cliwo\u015b\u0107 konsultacji online.<\/div><div  class=\"elementor-button elementor-slide-button elementor-size-sm\">Rezerwuj<\/div><\/div><\/a><\/div><div class=\"elementor-repeater-item-140af1b swiper-slide\" role=\"group\" aria-roledescription=\"slide\"><div class=\"swiper-slide-bg\" role=\"img\"><\/div><div class=\"swiper-slide-inner\" ><div class=\"swiper-slide-contents\"><div class=\"elementor-slide-heading\">2. Wywiad z pacjentem<\/div><div class=\"elementor-slide-description\">W przyjaznej atmosferze przeprowadzam szczeg\u00f3\u0142owy wywiad, pytaj\u0105c m.in. o:\n\naktualnie przyjmowane leki i suplementy,\nobjawy, dzia\u0142ania niepo\u017c\u0105dane, problemy z terapi\u0105,\ninne schorzenia i przebyte leczenie,\nstyl \u017cycia, diet\u0119 i nawyki zdrowotne.\n\nJe\u015bli posiadasz list\u0119 lek\u00f3w, kart\u0119 wypisow\u0105 lub dzienniczek pomiar\u00f3w \u2013 warto je zabra\u0107.<\/div><\/div><\/div><\/div><div class=\"elementor-repeater-item-83e2dd7 swiper-slide\" role=\"group\" aria-roledescription=\"slide\"><div class=\"swiper-slide-bg\" role=\"img\"><\/div><div class=\"swiper-slide-inner\" ><div class=\"swiper-slide-contents\"><div class=\"elementor-slide-heading\">3. Analiza farmakoterapii<\/div><div class=\"elementor-slide-description\">Sprawdzam:\n\n\u00a0czy leki s\u0105 dobrze dobrane i nie wchodz\u0105 w interakcje,\nczy nie dochodzi do dublowania sk\u0142adnik\u00f3w,\u00a0\njak poprawi\u0107 skuteczno\u015b\u0107 terapii,\nczy mo\u017cna wprowadzi\u0107 zmiany poprawiaj\u0105ce bezpiecze\u0144stwo lub wygod\u0119 stosowania lek\u00f3w.<\/div><\/div><\/div><\/div><div class=\"elementor-repeater-item-eaa0a61 swiper-slide\" role=\"group\" aria-roledescription=\"slide\"><div class=\"swiper-slide-bg\" role=\"img\"><\/div><div class=\"swiper-slide-inner\" ><div class=\"swiper-slide-contents\"><div class=\"elementor-slide-heading\">4. Om\u00f3wienie zalece\u0144<\/div><div class=\"elementor-slide-description\">Otrzymujesz jasne i indywidualnie dopasowane zalecenia, m.in.:\n\njak prawid\u0142owo stosowa\u0107 leki,\nco i kiedy przyjmowa\u0107,\nna co zwr\u00f3ci\u0107 uwag\u0119 podczas terapii,\nkt\u00f3re suplementy maj\u0105 sens, a kt\u00f3re s\u0105 zb\u0119dne.<\/div><\/div><\/div><\/div><div class=\"elementor-repeater-item-c3cc4a2 swiper-slide\" role=\"group\" aria-roledescription=\"slide\"><div class=\"swiper-slide-bg\" role=\"img\"><\/div><div class=\"swiper-slide-inner\" ><div class=\"swiper-slide-contents\"><div class=\"elementor-slide-heading\">5. Mo\u017cliwo\u015b\u0107 kontroli i dalszego kontaktu<\/div><div class=\"elementor-slide-description\">W razie potrzeby mo\u017cesz um\u00f3wi\u0107 si\u0119 na kolejn\u0105 konsultacj\u0119 lub kr\u00f3tki kontakt kontrolny. Twoje dane i historia s\u0105 przechowywane w bezpieczny spos\u00f3b, zgodnie z przepisami o ochronie danych.<\/div><\/div><\/div><\/div>\t\t\t\t<\/div>\n\t\t\t\t\t\t\t\t\t\t\t\t\t\t\t<div class=\"elementor-swiper-button elementor-swiper-button-prev\" role=\"button\" tabindex=\"0\" aria-label=\"Previous slide\">\n\t\t\t\t\t\t\t<svg aria-hidden=\"true\" class=\"e-font-icon-svg e-eicon-chevron-left\" viewBox=\"0 0 1000 1000\" xmlns=\"http:\/\/www.w3.org\/2000\/svg\"><path d=\"M646 125C629 125 613 133 604 142L308 442C296 454 292 471 292 487 292 504 296 521 308 533L604 854C617 867 629 875 646 875 663 875 679 871 692 858 704 846 713 829 713 812 713 796 708 779 692 767L438 487 692 225C700 217 708 204 708 187 708 171 704 154 692 142 675 129 663 125 646 125Z\"><\/path><\/svg>\t\t\t\t\t\t<\/div>\n\t\t\t\t\t\t<div class=\"elementor-swiper-button elementor-swiper-button-next\" role=\"button\" tabindex=\"0\" aria-label=\"Next slide\">\n\t\t\t\t\t\t\t<svg aria-hidden=\"true\" class=\"e-font-icon-svg e-eicon-chevron-right\" viewBox=\"0 0 1000 1000\" xmlns=\"http:\/\/www.w3.org\/2000\/svg\"><path d=\"M696 533C708 521 713 504 713 487 713 471 708 454 696 446L400 146C388 133 375 125 354 125 338 125 325 129 313 142 300 154 292 171 292 187 292 204 296 221 308 233L563 492 304 771C292 783 288 800 288 817 288 833 296 850 308 863 321 871 338 875 354 875 371 875 388 867 400 854L696 533Z\"><\/path><\/svg>\t\t\t\t\t\t<\/div>\n\t\t\t\t\t\t\t\t\t\t\t\t\t\t\t\t<div class=\"swiper-pagination\"><\/div>\n\t\t\t\t\t\t\t\t\t\t\t\t<\/div>\n\t\t\t\t\t\t\t\t<\/div>\n\t\t\t\t<\/div>\n\t\t\t\t\t<\/div>\n\t\t\t\t<\/div>\n\t\t<div class=\"elementor-element elementor-element-485d157 e-flex e-con-boxed e-con e-parent\" data-id=\"485d157\" data-element_type=\"container\" data-settings=\"{&quot;background_background&quot;:&quot;gradient&quot;}\">\n\t\t\t\t\t<div class=\"e-con-inner\">\n\t\t<div class=\"elementor-element elementor-element-01786e6 e-con-full e-flex e-con e-child\" data-id=\"01786e6\" data-element_type=\"container\">\n\t\t\t\t<div class=\"elementor-element elementor-element-62aaec5 elementor-widget elementor-widget-heading\" data-id=\"62aaec5\" data-element_type=\"widget\" data-widget_type=\"heading.default\">\n\t\t\t\t\t<h2 class=\"elementor-heading-title elementor-size-default\">Konsultacje online (wideospotkanie)<\/h2>\t\t\t\t<\/div>\n\t\t\t\t<div class=\"elementor-element elementor-element-5710986 elementor-widget__width-initial elementor-widget elementor-widget-heading\" data-id=\"5710986\" data-element_type=\"widget\" data-widget_type=\"heading.default\">\n\t\t\t\t\t<h5 class=\"elementor-heading-title elementor-size-default\">Nie mo\u017cesz przyj\u015b\u0107 osobi\u015bcie? Skorzystaj z mo\u017cliwo\u015bci videokonsultacji, kt\u00f3ra odbywa si\u0119 za po\u015brednictwem bezpiecznej platformy - Google Meet. <\/h5>\t\t\t\t<\/div>\n\t\t\t\t<\/div>\n\t\t<div class=\"elementor-element elementor-element-e841c90 e-con-full e-flex e-con e-child\" data-id=\"e841c90\" data-element_type=\"container\">\n\t\t\t\t<div class=\"elementor-element elementor-element-c7d3062 elementor-widget elementor-widget-heading\" data-id=\"c7d3062\" data-element_type=\"widget\" data-widget_type=\"heading.default\">\n\t\t\t\t\t<h2 class=\"elementor-heading-title elementor-size-default\">Co musisz wiedzie\u0107:<\/h2>\t\t\t\t<\/div>\n\t\t\t\t<div class=\"elementor-element elementor-element-eb7f4f8 elementor-widget elementor-widget-text-editor\" data-id=\"eb7f4f8\" data-element_type=\"widget\" data-widget_type=\"text-editor.default\">\n\t\t\t\t\t\t\t\t\t<ul><li>Wizyta trwa 30\u201345 minut.<\/li><li>Wymagany dost\u0119p do internetu, kamera i mikrofon.<\/li><li>Przed spotkaniem otrzymasz link oraz przypomnienie SMS\/emaliowe.<\/li><li>Warto wcze\u015bniej przes\u0142a\u0107 list\u0119 lek\u00f3w, wyniki bada\u0144 lub zdj\u0119cie lek\u00f3w\/suplement\u00f3w.<\/li><li>Po spotkaniu mo\u017cesz otrzyma\u0107 podsumowanie zalece\u0144 na e-mail.<\/li><\/ul>\t\t\t\t\t\t\t\t<\/div>\n\t\t\t\t<\/div>\n\t\t<div class=\"elementor-element elementor-element-eb3cd76 e-con-full e-flex e-con e-child\" data-id=\"eb3cd76\" data-element_type=\"container\">\n\t\t\t\t<div class=\"elementor-element elementor-element-bcdc78b elementor-widget elementor-widget-heading\" data-id=\"bcdc78b\" data-element_type=\"widget\" data-widget_type=\"heading.default\">\n\t\t\t\t\t<h2 class=\"elementor-heading-title elementor-size-default\">Wideokonsultacje s\u0105 idealne dla:<\/h2>\t\t\t\t<\/div>\n\t\t\t\t<div class=\"elementor-element elementor-element-810815a elementor-widget elementor-widget-text-editor\" data-id=\"810815a\" data-element_type=\"widget\" data-widget_type=\"text-editor.default\">\n\t\t\t\t\t\t\t\t\t<ul><li>pacjent\u00f3w z ograniczon\u0105 mobilno\u015bci\u0105,<\/li><li>os\u00f3b spoza Sierpca,<\/li><li>pacjent\u00f3w opiekuj\u0105cych si\u0119 bliskimi na odleg\u0142o\u015b\u0107.<\/li><\/ul>\t\t\t\t\t\t\t\t<\/div>\n\t\t\t\t<\/div>\n\t\t\t\t\t<\/div>\n\t\t\t\t<\/div>\n\t\t<div class=\"elementor-element elementor-element-433e0d9a e-flex e-con-boxed e-con e-parent\" data-id=\"433e0d9a\" data-element_type=\"container\" data-settings=\"{&quot;background_background&quot;:&quot;gradient&quot;}\">\n\t\t\t\t\t<div class=\"e-con-inner\">\n\t\t\t\t<div class=\"elementor-element elementor-element-31b08aa3 elementor-widget elementor-widget-heading\" data-id=\"31b08aa3\" data-element_type=\"widget\" data-widget_type=\"heading.default\">\n\t\t\t\t\t<h2 class=\"elementor-heading-title elementor-size-default\">Skontaktuj si\u0119:<\/h2>\t\t\t\t<\/div>\n\t\t<div class=\"elementor-element elementor-element-7f602409 e-flex e-con-boxed e-con e-child\" data-id=\"7f602409\" data-element_type=\"container\">\n\t\t\t\t\t<div class=\"e-con-inner\">\n\t\t\t\t<div class=\"elementor-element elementor-element-52b946ab elementor-tablet-position-top elementor-view-default elementor-position-top elementor-mobile-position-top elementor-widget elementor-widget-icon-box\" data-id=\"52b946ab\" data-element_type=\"widget\" data-widget_type=\"icon-box.default\">\n\t\t\t\t\t\t\t<div class=\"elementor-icon-box-wrapper\">\n\n\t\t\t\t\t\t<div class=\"elementor-icon-box-icon\">\n\t\t\t\t<span  class=\"elementor-icon\">\n\t\t\t\t<svg aria-hidden=\"true\" class=\"e-font-icon-svg e-fas-phone-square-alt\" viewBox=\"0 0 448 512\" xmlns=\"http:\/\/www.w3.org\/2000\/svg\"><path d=\"M400 32H48A48 48 0 0 0 0 80v352a48 48 0 0 0 48 48h352a48 48 0 0 0 48-48V80a48 48 0 0 0-48-48zm-16.39 307.37l-15 65A15 15 0 0 1 354 416C194 416 64 286.29 64 126a15.7 15.7 0 0 1 11.63-14.61l65-15A18.23 18.23 0 0 1 144 96a16.27 16.27 0 0 1 13.79 9.09l30 70A17.9 17.9 0 0 1 189 181a17 17 0 0 1-5.5 11.61l-37.89 31a231.91 231.91 0 0 0 110.78 110.78l31-37.89A17 17 0 0 1 299 291a17.85 17.85 0 0 1 5.91 1.21l70 30A16.25 16.25 0 0 1 384 336a17.41 17.41 0 0 1-.39 3.37z\"><\/path><\/svg>\t\t\t\t<\/span>\n\t\t\t<\/div>\n\t\t\t\n\t\t\t\t\t\t<div class=\"elementor-icon-box-content\">\n\n\t\t\t\t\t\t\t\t\t<h3 class=\"elementor-icon-box-title\">\n\t\t\t\t\t\t<span  >\n\t\t\t\t\t\t\tNumer telefonu\t\t\t\t\t\t<\/span>\n\t\t\t\t\t<\/h3>\n\t\t\t\t\n\t\t\t\t\t\t\t\t\t<p class=\"elementor-icon-box-description\">\n\t\t\t\t\t\tZadzwo\u0144 pod numer: \n<br>799-282-166\t\t\t\t\t<\/p>\n\t\t\t\t\n\t\t\t<\/div>\n\t\t\t\n\t\t<\/div>\n\t\t\t\t\t\t<\/div>\n\t\t\t\t<div class=\"elementor-element elementor-element-3604d693 elementor-tablet-position-top elementor-view-default elementor-position-top elementor-mobile-position-top elementor-widget elementor-widget-icon-box\" data-id=\"3604d693\" data-element_type=\"widget\" data-widget_type=\"icon-box.default\">\n\t\t\t\t\t\t\t<div class=\"elementor-icon-box-wrapper\">\n\n\t\t\t\t\t\t<div class=\"elementor-icon-box-icon\">\n\t\t\t\t<span  class=\"elementor-icon\">\n\t\t\t\t<svg aria-hidden=\"true\" class=\"e-font-icon-svg e-fas-mail-bulk\" viewBox=\"0 0 576 512\" xmlns=\"http:\/\/www.w3.org\/2000\/svg\"><path d=\"M160 448c-25.6 0-51.2-22.4-64-32-64-44.8-83.2-60.8-96-70.4V480c0 17.67 14.33 32 32 32h256c17.67 0 32-14.33 32-32V345.6c-12.8 9.6-32 25.6-96 70.4-12.8 9.6-38.4 32-64 32zm128-192H32c-17.67 0-32 14.33-32 32v16c25.6 19.2 22.4 19.2 115.2 86.4 9.6 6.4 28.8 25.6 44.8 25.6s35.2-19.2 44.8-22.4c92.8-67.2 89.6-67.2 115.2-86.4V288c0-17.67-14.33-32-32-32zm256-96H224c-17.67 0-32 14.33-32 32v32h96c33.21 0 60.59 25.42 63.71 57.82l.29-.22V416h192c17.67 0 32-14.33 32-32V192c0-17.67-14.33-32-32-32zm-32 128h-64v-64h64v64zm-352-96c0-35.29 28.71-64 64-64h224V32c0-17.67-14.33-32-32-32H96C78.33 0 64 14.33 64 32v192h96v-32z\"><\/path><\/svg>\t\t\t\t<\/span>\n\t\t\t<\/div>\n\t\t\t\n\t\t\t\t\t\t<div class=\"elementor-icon-box-content\">\n\n\t\t\t\t\t\t\t\t\t<h3 class=\"elementor-icon-box-title\">\n\t\t\t\t\t\t<span  >\n\t\t\t\t\t\t\tAdres e-mail\t\t\t\t\t\t<\/span>\n\t\t\t\t\t<\/h3>\n\t\t\t\t\n\t\t\t\t\t\t\t\t\t<p class=\"elementor-icon-box-description\">\n\t\t\t\t\t\tSkontaktuj si\u0119 mailowo: <br>gabinetfarmaceuty@gmail.com\t\t\t\t\t<\/p>\n\t\t\t\t\n\t\t\t<\/div>\n\t\t\t\n\t\t<\/div>\n\t\t\t\t\t\t<\/div>\n\t\t\t\t<div class=\"elementor-element elementor-element-2b41bd6e elementor-tablet-position-top elementor-view-default elementor-position-top elementor-mobile-position-top elementor-widget elementor-widget-icon-box\" data-id=\"2b41bd6e\" data-element_type=\"widget\" data-widget_type=\"icon-box.default\">\n\t\t\t\t\t\t\t<div class=\"elementor-icon-box-wrapper\">\n\n\t\t\t\t\t\t<div class=\"elementor-icon-box-icon\">\n\t\t\t\t<span  class=\"elementor-icon\">\n\t\t\t\t<svg aria-hidden=\"true\" class=\"e-font-icon-svg e-fas-location-arrow\" viewBox=\"0 0 512 512\" xmlns=\"http:\/\/www.w3.org\/2000\/svg\"><path d=\"M444.52 3.52L28.74 195.42c-47.97 22.39-31.98 92.75 19.19 92.75h175.91v175.91c0 51.17 70.36 67.17 92.75 19.19l191.9-415.78c15.99-38.39-25.59-79.97-63.97-63.97z\"><\/path><\/svg>\t\t\t\t<\/span>\n\t\t\t<\/div>\n\t\t\t\n\t\t\t\t\t\t<div class=\"elementor-icon-box-content\">\n\n\t\t\t\t\t\t\t\t\t<h3 class=\"elementor-icon-box-title\">\n\t\t\t\t\t\t<span  >\n\t\t\t\t\t\t\tLokalizacja\t\t\t\t\t\t<\/span>\n\t\t\t\t\t<\/h3>\n\t\t\t\t\n\t\t\t\t\t\t\t\t\t<p class=\"elementor-icon-box-description\">\n\t\t\t\t\t\tul. Staszica 24, Sierpc. Zobacz na mapie.\t\t\t\t\t<\/p>\n\t\t\t\t\n\t\t\t<\/div>\n\t\t\t\n\t\t<\/div>\n\t\t\t\t\t\t<\/div>\n\t\t\t\t\t<\/div>\n\t\t\t\t<\/div>\n\t\t\t\t<div class=\"elementor-element elementor-element-41d0d19e elementor-widget elementor-widget-google_maps\" data-id=\"41d0d19e\" data-element_type=\"widget\" data-widget_type=\"google_maps.default\">\n\t\t\t\t\t\t\t<div class=\"elementor-custom-embed\">\n\t\t\t<iframe loading=\"lazy\"\n\t\t\t\t\tsrc=\"https:\/\/maps.google.com\/maps?q=Staszica%2024%2C%20Sierpc%2C%20Polska&#038;t=m&#038;z=12&#038;output=embed&#038;iwloc=near\"\n\t\t\t\t\ttitle=\"Staszica 24, Sierpc, Polska\"\n\t\t\t\t\taria-label=\"Staszica 24, Sierpc, Polska\"\n\t\t\t><\/iframe>\n\t\t<\/div>\n\t\t\t\t\t\t<\/div>\n\t\t\t\t\t<\/div>\n\t\t\t\t<\/div>\n\t\t<div class=\"elementor-element elementor-element-3fbdaf3 e-flex e-con-boxed e-con e-parent\" data-id=\"3fbdaf3\" data-element_type=\"container\">\n\t\t\t\t\t<div class=\"e-con-inner\">\n\t\t\t\t<div class=\"elementor-element elementor-element-3a84535 elementor-widget elementor-widget-heading\" data-id=\"3a84535\" data-element_type=\"widget\" data-widget_type=\"heading.default\">\n\t\t\t\t\t<h2 class=\"elementor-heading-title elementor-size-default\"> Umawianie wizyt<\/h2>\t\t\t\t<\/div>\n\t\t<div class=\"elementor-element elementor-element-7c398af e-flex e-con-boxed e-con e-child\" data-id=\"7c398af\" data-element_type=\"container\">\n\t\t\t\t\t<div class=\"e-con-inner\">\n\t\t\t\t<div class=\"elementor-element elementor-element-b18d7e2 elementor-widget elementor-widget-heading\" data-id=\"b18d7e2\" data-element_type=\"widget\" data-widget_type=\"heading.default\">\n\t\t\t\t\t<h2 class=\"elementor-heading-title elementor-size-default\">Konsultacje odbywaj\u0105 si\u0119 po wcze\u015bniejszym uzgodnieniu terminu telefonicznie:\n<\/h2>\t\t\t\t<\/div>\n\t\t\t\t<div class=\"elementor-element elementor-element-8ac95b1 elementor-widget elementor-widget-text-editor\" data-id=\"8ac95b1\" data-element_type=\"widget\" data-widget_type=\"text-editor.default\">\n\t\t\t\t\t\t\t\t\t<p><strong>Tel. 799 282 166<\/strong><\/p>\t\t\t\t\t\t\t\t<\/div>\n\t\t\t\t<div class=\"elementor-element elementor-element-4e99dc9 elementor-widget elementor-widget-text-editor\" data-id=\"4e99dc9\" data-element_type=\"widget\" data-widget_type=\"text-editor.default\">\n\t\t\t\t\t\t\t\t\t<p>Zach\u0119cam do obserwowania strony na Facebooku \u2013 tam publikuj\u0119 aktualno\u015bci, porady oraz informacje o dost\u0119pnych terminach.<\/p><p><img decoding=\"async\" class=\"emoji\" role=\"img\" draggable=\"false\" src=\"https:\/\/s.w.org\/images\/core\/emoji\/17.0.2\/svg\/1f449.svg\" alt=\"\ud83d\udc49\" \/> Jestem na Facebooku oraz Instagramie.<\/p>\t\t\t\t\t\t\t\t<\/div>\n\t\t\t\t<div class=\"elementor-element elementor-element-90f7f5f elementor-widget elementor-widget-image\" data-id=\"90f7f5f\" data-element_type=\"widget\" data-widget_type=\"image.default\">\n\t\t\t\t\t\t\t\t\t\t\t\t\t\t\t<img fetchpriority=\"high\" decoding=\"async\" width=\"287\" height=\"300\" src=\"https:\/\/gabinet-farmaceuty.pl\/wp-content\/uploads\/2025\/09\/Screenshot-2025-09-20-151935-287x300.png\" class=\"attachment-medium size-medium wp-image-130\" alt=\"\" srcset=\"https:\/\/gabinet-farmaceuty.pl\/wp-content\/uploads\/2025\/09\/Screenshot-2025-09-20-151935-287x300.png 287w, https:\/\/gabinet-farmaceuty.pl\/wp-content\/uploads\/2025\/09\/Screenshot-2025-09-20-151935.png 710w\" sizes=\"(max-width: 287px) 100vw, 287px\" \/>\t\t\t\t\t\t\t\t\t\t\t\t\t\t\t<\/div>\n\t\t\t\t<div class=\"elementor-element elementor-element-4c85a07 elementor-shape-rounded elementor-grid-0 e-grid-align-center elementor-widget elementor-widget-social-icons\" data-id=\"4c85a07\" data-element_type=\"widget\" data-widget_type=\"social-icons.default\">\n\t\t\t\t\t\t\t<div class=\"elementor-social-icons-wrapper elementor-grid\" role=\"list\">\n\t\t\t\t\t\t\t<span class=\"elementor-grid-item\" role=\"listitem\">\n\t\t\t\t\t<a class=\"elementor-icon elementor-social-icon elementor-social-icon-facebook elementor-repeater-item-48857fe\" target=\"_blank\">\n\t\t\t\t\t\t<span class=\"elementor-screen-only\">Facebook<\/span>\n\t\t\t\t\t\t<svg aria-hidden=\"true\" class=\"e-font-icon-svg e-fab-facebook\" viewBox=\"0 0 512 512\" xmlns=\"http:\/\/www.w3.org\/2000\/svg\"><path d=\"M504 256C504 119 393 8 256 8S8 119 8 256c0 123.78 90.69 226.38 209.25 245V327.69h-63V256h63v-54.64c0-62.15 37-96.48 93.67-96.48 27.14 0 55.52 4.84 55.52 4.84v61h-31.28c-30.8 0-40.41 19.12-40.41 38.73V256h68.78l-11 71.69h-57.78V501C413.31 482.38 504 379.78 504 256z\"><\/path><\/svg>\t\t\t\t\t<\/a>\n\t\t\t\t<\/span>\n\t\t\t\t\t\t\t<span class=\"elementor-grid-item\" role=\"listitem\">\n\t\t\t\t\t<a class=\"elementor-icon elementor-social-icon elementor-social-icon-instagram elementor-repeater-item-9513ebd\" href=\"http:\/\/instagram.com\/dominika.sitek.farmaceuta\" target=\"_blank\">\n\t\t\t\t\t\t<span class=\"elementor-screen-only\">Instagram<\/span>\n\t\t\t\t\t\t<svg aria-hidden=\"true\" class=\"e-font-icon-svg e-fab-instagram\" viewBox=\"0 0 448 512\" xmlns=\"http:\/\/www.w3.org\/2000\/svg\"><path d=\"M224.1 141c-63.6 0-114.9 51.3-114.9 114.9s51.3 114.9 114.9 114.9S339 319.5 339 255.9 287.7 141 224.1 141zm0 189.6c-41.1 0-74.7-33.5-74.7-74.7s33.5-74.7 74.7-74.7 74.7 33.5 74.7 74.7-33.6 74.7-74.7 74.7zm146.4-194.3c0 14.9-12 26.8-26.8 26.8-14.9 0-26.8-12-26.8-26.8s12-26.8 26.8-26.8 26.8 12 26.8 26.8zm76.1 27.2c-1.7-35.9-9.9-67.7-36.2-93.9-26.2-26.2-58-34.4-93.9-36.2-37-2.1-147.9-2.1-184.9 0-35.8 1.7-67.6 9.9-93.9 36.1s-34.4 58-36.2 93.9c-2.1 37-2.1 147.9 0 184.9 1.7 35.9 9.9 67.7 36.2 93.9s58 34.4 93.9 36.2c37 2.1 147.9 2.1 184.9 0 35.9-1.7 67.7-9.9 93.9-36.2 26.2-26.2 34.4-58 36.2-93.9 2.1-37 2.1-147.8 0-184.8zM398.8 388c-7.8 19.6-22.9 34.7-42.6 42.6-29.5 11.7-99.5 9-132.1 9s-102.7 2.6-132.1-9c-19.6-7.8-34.7-22.9-42.6-42.6-11.7-29.5-9-99.5-9-132.1s-2.6-102.7 9-132.1c7.8-19.6 22.9-34.7 42.6-42.6 29.5-11.7 99.5-9 132.1-9s102.7-2.6 132.1 9c19.6 7.8 34.7 22.9 42.6 42.6 11.7 29.5 9 99.5 9 132.1s2.7 102.7-9 132.1z\"><\/path><\/svg>\t\t\t\t\t<\/a>\n\t\t\t\t<\/span>\n\t\t\t\t\t<\/div>\n\t\t\t\t\t\t<\/div>\n\t\t\t\t\t<\/div>\n\t\t\t\t<\/div>\n\t\t\t\t<div class=\"elementor-element elementor-element-490ee9f elementor-widget elementor-widget-text-editor\" data-id=\"490ee9f\" data-element_type=\"widget\" data-widget_type=\"text-editor.default\">\n\t\t\t\t\t\t\t\t\t<p>Wkr\u00f3tce wi\u0119cej informacji o nowej us\u0142udze.<\/p><p>Szykuj\u0119 dla Was co\u015b nowego!<\/p>\t\t\t\t\t\t\t\t<\/div>\n\t\t\t\t\t<\/div>\n\t\t\t\t<\/div>\n\t\t<div class=\"elementor-element elementor-element-60e064b e-flex e-con-boxed e-con e-parent\" data-id=\"60e064b\" data-element_type=\"container\">\n\t\t\t\t\t<div class=\"e-con-inner\">\n\t\t\t\t\t<\/div>\n\t\t\t\t<\/div>\n\t\t\t\t<\/div>\n\t\t","protected":false},"excerpt":{"rendered":"<p>Twoje zdrowie jest dla mnie priorytetem Oferuj\u0119 profesjonalne wsparcie farmakoterapii, dostosowane do Twoich potrzeb. Rezerwacja wizyty Jak wygl\u0105da wizyta w gabinecie farmaceuty? Wizyta w gabinecie farmaceuty to nie tylko konsultacja dotycz\u0105ca lek\u00f3w \u2014 to bezpieczna i komfortowa przestrze\u0144, w kt\u00f3rej pacjent mo\u017ce uzyska\u0107 rzetelne wsparcie w zakresie zdrowia i farmakoterapii. 1. Um\u00f3wienie wizyty\u200bMo\u017cesz zapisa\u0107 si\u0119 [&hellip;]<\/p>\n","protected":false},"author":1,"featured_media":0,"parent":0,"menu_order":0,"comment_status":"closed","ping_status":"closed","template":"","meta":{"footnotes":""},"class_list":["post-43","page","type-page","status-publish","hentry"],"_links":{"self":[{"href":"https:\/\/gabinet-farmaceuty.pl\/index.php?rest_route=\/wp\/v2\/pages\/43","targetHints":{"allow":["GET"]}}],"collection":[{"href":"https:\/\/gabinet-farmaceuty.pl\/index.php?rest_route=\/wp\/v2\/pages"}],"about":[{"href":"https:\/\/gabinet-farmaceuty.pl\/index.php?rest_route=\/wp\/v2\/types\/page"}],"author":[{"embeddable":true,"href":"https:\/\/gabinet-farmaceuty.pl\/index.php?rest_route=\/wp\/v2\/users\/1"}],"replies":[{"embeddable":true,"href":"https:\/\/gabinet-farmaceuty.pl\/index.php?rest_route=%2Fwp%2Fv2%2Fcomments&post=43"}],"version-history":[{"count":130,"href":"https:\/\/gabinet-farmaceuty.pl\/index.php?rest_route=\/wp\/v2\/pages\/43\/revisions"}],"predecessor-version":[{"id":396,"href":"https:\/\/gabinet-farmaceuty.pl\/index.php?rest_route=\/wp\/v2\/pages\/43\/revisions\/396"}],"wp:attachment":[{"href":"https:\/\/gabinet-farmaceuty.pl\/index.php?rest_route=%2Fwp%2Fv2%2Fmedia&parent=43"}],"curies":[{"name":"wp","href":"https:\/\/api.w.org\/{rel}","templated":true}]}}