{"id":40,"date":"2025-09-20T14:40:26","date_gmt":"2025-09-20T14:40:26","guid":{"rendered":"http:\/\/gabinet-farmaceuty.pl\/?page_id=40"},"modified":"2025-12-07T21:50:41","modified_gmt":"2025-12-07T21:50:41","slug":"o-mnie","status":"publish","type":"page","link":"https:\/\/gabinet-farmaceuty.pl\/?page_id=40","title":{"rendered":"O mnie"},"content":{"rendered":"\t\t<div data-elementor-type=\"wp-page\" data-elementor-id=\"40\" class=\"elementor elementor-40\" data-elementor-post-type=\"page\">\n\t\t\t\t<div class=\"elementor-element elementor-element-47e0c7df e-flex e-con-boxed e-con e-parent\" data-id=\"47e0c7df\" data-element_type=\"container\" data-settings=\"{&quot;background_background&quot;:&quot;classic&quot;}\">\n\t\t\t\t\t<div class=\"e-con-inner\">\n\t\t<div class=\"elementor-element elementor-element-6b1b2058 e-con-full e-flex e-con e-child\" data-id=\"6b1b2058\" data-element_type=\"container\">\n\t\t\t\t<div class=\"elementor-element elementor-element-7f7e7e1e elementor-widget elementor-widget-heading\" data-id=\"7f7e7e1e\" data-element_type=\"widget\" data-widget_type=\"heading.default\">\n\t\t\t\t\t<h2 class=\"elementor-heading-title elementor-size-default\">Witam w Gabinecie Farmaceutycznym<\/h2>\t\t\t\t<\/div>\n\t\t\t\t<\/div>\n\t\t<div class=\"elementor-element elementor-element-341eecab e-con-full e-flex e-con e-child\" data-id=\"341eecab\" data-element_type=\"container\">\n\t\t\t\t<div class=\"elementor-element elementor-element-5f4a2b5 elementor-widget elementor-widget-heading\" data-id=\"5f4a2b5\" data-element_type=\"widget\" data-widget_type=\"heading.default\">\n\t\t\t\t\t<h2 class=\"elementor-heading-title elementor-size-default\">O mnie<\/h2>\t\t\t\t<\/div>\n\t\t\t\t<div class=\"elementor-element elementor-element-47551c0f elementor-widget elementor-widget-text-editor\" data-id=\"47551c0f\" data-element_type=\"widget\" data-widget_type=\"text-editor.default\">\n\t\t\t\t\t\t\t\t\t<p>Nazywam si\u0119 Dominika Sitek. Z wykszta\u0142cenia i pasji jestem farmaceutk\u0105 \u2013 od lat wspieram pacjent\u00f3w w ich codziennym leczeniu, pomagaj\u0105c im lepiej zrozumie\u0107 rol\u0119 lek\u00f3w, suplement\u00f3w i zdrowych nawyk\u00f3w w procesie powrotu do zdrowia.<\/p><p>\u00a0<\/p><p>Jestem tu, aby zapewni\u0107 Pa\u0144stwu profesjonalne wsparcie w zakresie farmakoterapii. Moja pasja do zdrowia oraz indywidualne podej\u015bcie do ka\u017cdego pacjenta to moja misja.<\/p>\t\t\t\t\t\t\t\t<\/div>\n\t\t\t\t<\/div>\n\t\t\t\t\t<\/div>\n\t\t\t\t<\/div>\n\t\t<div class=\"elementor-element elementor-element-de3c377 e-flex e-con-boxed e-con e-parent\" data-id=\"de3c377\" data-element_type=\"container\">\n\t\t\t\t\t<div class=\"e-con-inner\">\n\t\t<div class=\"elementor-element elementor-element-7ce9e93 e-con-full e-flex e-con e-child\" data-id=\"7ce9e93\" data-element_type=\"container\" data-settings=\"{&quot;background_background&quot;:&quot;classic&quot;}\">\n\t\t<div class=\"elementor-element elementor-element-3d618f3 e-con-full e-flex e-con e-child\" data-id=\"3d618f3\" data-element_type=\"container\">\n\t\t\t\t<div class=\"elementor-element elementor-element-c5b4293 elementor-widget elementor-widget-image\" data-id=\"c5b4293\" data-element_type=\"widget\" data-widget_type=\"image.default\">\n\t\t\t\t\t\t\t\t\t\t\t\t\t\t\t<img fetchpriority=\"high\" decoding=\"async\" width=\"693\" height=\"1024\" src=\"https:\/\/gabinet-farmaceuty.pl\/wp-content\/uploads\/2025\/12\/image0-693x1024.jpeg\" class=\"attachment-large size-large wp-image-307\" alt=\"\" srcset=\"https:\/\/gabinet-farmaceuty.pl\/wp-content\/uploads\/2025\/12\/image0-693x1024.jpeg 693w, https:\/\/gabinet-farmaceuty.pl\/wp-content\/uploads\/2025\/12\/image0-203x300.jpeg 203w, https:\/\/gabinet-farmaceuty.pl\/wp-content\/uploads\/2025\/12\/image0-768x1135.jpeg 768w, https:\/\/gabinet-farmaceuty.pl\/wp-content\/uploads\/2025\/12\/image0-scaled.jpeg 1732w\" sizes=\"(max-width: 693px) 100vw, 693px\" \/>\t\t\t\t\t\t\t\t\t\t\t\t\t\t\t<\/div>\n\t\t\t\t<\/div>\n\t\t<div class=\"elementor-element elementor-element-8f03b2e e-con-full e-flex e-con e-child\" data-id=\"8f03b2e\" data-element_type=\"container\">\n\t\t\t\t<div class=\"elementor-element elementor-element-568b663 elementor-widget elementor-widget-toggle\" data-id=\"568b663\" data-element_type=\"widget\" data-widget_type=\"toggle.default\">\n\t\t\t\t\t\t\t<div class=\"elementor-toggle\">\n\t\t\t\t\t\t\t<div class=\"elementor-toggle-item\">\n\t\t\t\t\t<div id=\"elementor-tab-title-9071\" class=\"elementor-tab-title\" data-tab=\"1\" role=\"button\" aria-controls=\"elementor-tab-content-9071\" aria-expanded=\"false\">\n\t\t\t\t\t\t\t\t\t\t\t\t<span class=\"elementor-toggle-icon elementor-toggle-icon-right\" aria-hidden=\"true\">\n\t\t\t\t\t\t\t\t\t\t\t\t\t\t\t<span class=\"elementor-toggle-icon-closed\"><svg class=\"e-font-icon-svg e-fas-caret-right\" viewBox=\"0 0 192 512\" xmlns=\"http:\/\/www.w3.org\/2000\/svg\"><path d=\"M0 384.662V127.338c0-17.818 21.543-26.741 34.142-14.142l128.662 128.662c7.81 7.81 7.81 20.474 0 28.284L34.142 398.804C21.543 411.404 0 402.48 0 384.662z\"><\/path><\/svg><\/span>\n\t\t\t\t\t\t\t\t<span class=\"elementor-toggle-icon-opened\"><svg class=\"elementor-toggle-icon-opened e-font-icon-svg e-fas-caret-up\" viewBox=\"0 0 320 512\" xmlns=\"http:\/\/www.w3.org\/2000\/svg\"><path d=\"M288.662 352H31.338c-17.818 0-26.741-21.543-14.142-34.142l128.662-128.662c7.81-7.81 20.474-7.81 28.284 0l128.662 128.662c12.6 12.599 3.676 34.142-14.142 34.142z\"><\/path><\/svg><\/span>\n\t\t\t\t\t\t\t\t\t\t\t\t\t<\/span>\n\t\t\t\t\t\t\t\t\t\t\t\t<a class=\"elementor-toggle-title\" tabindex=\"0\">Edukacja i do\u015bwiadczenie\u200b<\/a>\n\t\t\t\t\t<\/div>\n\n\t\t\t\t\t<div id=\"elementor-tab-content-9071\" class=\"elementor-tab-content elementor-clearfix\" data-tab=\"1\" role=\"region\" aria-labelledby=\"elementor-tab-title-9071\"><p>Jestem absolwentk\u0105 Collegium Medicum im. Ludwika Rydygiera w Bydgoszczy, a tytu\u0142 specjalisty z farmacji aptecznej uzyska\u0142am na Uniwersytecie Medycznym w \u0141odzi. Swoj\u0105 wiedz\u0119 poszerzam nieustannie \u2013 uko\u0144czy\u0142am studia podyplomowe z zakresu opieki farmaceutycznej, a tak\u017ce dietetyki onkologicznej i podstaw prehabilitacji. Od 2015 r. pracuj\u0119 w aptece, gdzie aktywnie wspieram pacjent\u00f3w pomagaj\u0105c im \u015bwiadomie uczestniczy\u0107 w procesie leczenia.<\/p><\/div>\n\t\t\t\t<\/div>\n\t\t\t\t\t\t\t<div class=\"elementor-toggle-item\">\n\t\t\t\t\t<div id=\"elementor-tab-title-9072\" class=\"elementor-tab-title\" data-tab=\"2\" role=\"button\" aria-controls=\"elementor-tab-content-9072\" aria-expanded=\"false\">\n\t\t\t\t\t\t\t\t\t\t\t\t<span class=\"elementor-toggle-icon elementor-toggle-icon-right\" aria-hidden=\"true\">\n\t\t\t\t\t\t\t\t\t\t\t\t\t\t\t<span class=\"elementor-toggle-icon-closed\"><svg class=\"e-font-icon-svg e-fas-caret-right\" viewBox=\"0 0 192 512\" xmlns=\"http:\/\/www.w3.org\/2000\/svg\"><path d=\"M0 384.662V127.338c0-17.818 21.543-26.741 34.142-14.142l128.662 128.662c7.81 7.81 7.81 20.474 0 28.284L34.142 398.804C21.543 411.404 0 402.48 0 384.662z\"><\/path><\/svg><\/span>\n\t\t\t\t\t\t\t\t<span class=\"elementor-toggle-icon-opened\"><svg class=\"elementor-toggle-icon-opened e-font-icon-svg e-fas-caret-up\" viewBox=\"0 0 320 512\" xmlns=\"http:\/\/www.w3.org\/2000\/svg\"><path d=\"M288.662 352H31.338c-17.818 0-26.741-21.543-14.142-34.142l128.662-128.662c7.81-7.81 20.474-7.81 28.284 0l128.662 128.662c12.6 12.599 3.676 34.142-14.142 34.142z\"><\/path><\/svg><\/span>\n\t\t\t\t\t\t\t\t\t\t\t\t\t<\/span>\n\t\t\t\t\t\t\t\t\t\t\t\t<a class=\"elementor-toggle-title\" tabindex=\"0\">Moje warto\u015bci\u200b<\/a>\n\t\t\t\t\t<\/div>\n\n\t\t\t\t\t<div id=\"elementor-tab-content-9072\" class=\"elementor-tab-content elementor-clearfix\" data-tab=\"2\" role=\"region\" aria-labelledby=\"elementor-tab-title-9072\"><p>Praca z pacjentem jest dla mnie czym\u015b wi\u0119cej ni\u017c tylko realizacj\u0105 recept \u2013 to codzienna odpowiedzialno\u015b\u0107, empatia i ch\u0119\u0107 realnej pomocy.<\/p><p>W 2024 roku otworzy\u0142am w\u0142asny Gabinet Farmaceuty, aby da\u0107 moim pacjentom jeszcze wi\u0119cej przestrzeni na indywidualne konsultacje, edukacj\u0119 zdrowotn\u0105 i rzeteln\u0105 opiek\u0119 oraz profesjonalne wsparcie w zakresie farmakoterapii. W swojej codziennej pracy kieruj\u0119 si\u0119 empati\u0105, odpowiedzialno\u015bci\u0105 i indywidualnym podej\u015bciem do pacjenta.<\/p><p>W gabinecie pomagam m.in.:<\/p><ul><li>analizowa\u0107 przyjmowane leki (przegl\u0105d lekowy),<\/li><li>rozwi\u0105zywa\u0107 problemy zwi\u0105zane z dzia\u0142aniami niepo\u017c\u0105danymi,<\/li><li>doradza\u0107 w zakresie suplementacji i piel\u0119gnacji,<\/li><li>wspiera\u0107 pacjent\u00f3w onkologicznych i przewlekle chorych,<\/li><li>przygotowa\u0107 si\u0119 do zabiegu czy operacji<\/li><\/ul><\/div>\n\t\t\t\t<\/div>\n\t\t\t\t\t\t\t<div class=\"elementor-toggle-item\">\n\t\t\t\t\t<div id=\"elementor-tab-title-9073\" class=\"elementor-tab-title\" data-tab=\"3\" role=\"button\" aria-controls=\"elementor-tab-content-9073\" aria-expanded=\"false\">\n\t\t\t\t\t\t\t\t\t\t\t\t<span class=\"elementor-toggle-icon elementor-toggle-icon-right\" aria-hidden=\"true\">\n\t\t\t\t\t\t\t\t\t\t\t\t\t\t\t<span class=\"elementor-toggle-icon-closed\"><svg class=\"e-font-icon-svg e-fas-caret-right\" viewBox=\"0 0 192 512\" xmlns=\"http:\/\/www.w3.org\/2000\/svg\"><path d=\"M0 384.662V127.338c0-17.818 21.543-26.741 34.142-14.142l128.662 128.662c7.81 7.81 7.81 20.474 0 28.284L34.142 398.804C21.543 411.404 0 402.48 0 384.662z\"><\/path><\/svg><\/span>\n\t\t\t\t\t\t\t\t<span class=\"elementor-toggle-icon-opened\"><svg class=\"elementor-toggle-icon-opened e-font-icon-svg e-fas-caret-up\" viewBox=\"0 0 320 512\" xmlns=\"http:\/\/www.w3.org\/2000\/svg\"><path d=\"M288.662 352H31.338c-17.818 0-26.741-21.543-14.142-34.142l128.662-128.662c7.81-7.81 20.474-7.81 28.284 0l128.662 128.662c12.6 12.599 3.676 34.142-14.142 34.142z\"><\/path><\/svg><\/span>\n\t\t\t\t\t\t\t\t\t\t\t\t\t<\/span>\n\t\t\t\t\t\t\t\t\t\t\t\t<a class=\"elementor-toggle-title\" tabindex=\"0\">Dlaczego warto wybra\u0107 moje us\u0142ugi?\u200b<\/a>\n\t\t\t\t\t<\/div>\n\n\t\t\t\t\t<div id=\"elementor-tab-content-9073\" class=\"elementor-tab-content elementor-clearfix\" data-tab=\"3\" role=\"region\" aria-labelledby=\"elementor-tab-title-9073\"><p>W pracy stawiam na szczer\u0105 rozmow\u0119, indywidualne podej\u015bcie i bezpiecze\u0144stwo farmakoterapii. Wierz\u0119, \u017ce dobrze poinformowany pacjent to pacjent spokojniejszy i zdrowszy. Warto odwiedzi\u0107 m\u00f3j gabinet, je\u015bli:<\/p><p><img decoding=\"async\" class=\"emoji\" role=\"img\" draggable=\"false\" src=\"https:\/\/s.w.org\/images\/core\/emoji\/17.0.2\/svg\/2714.svg\" alt=\"\u2714\" \/>\u00a0przyjmujesz kilka lek\u00f3w jednocze\u015bnie,<\/p><p><img decoding=\"async\" class=\"emoji\" role=\"img\" draggable=\"false\" src=\"https:\/\/s.w.org\/images\/core\/emoji\/17.0.2\/svg\/2714.svg\" alt=\"\u2714\" \/>\u00a0masz w\u0105tpliwo\u015bci co do dzia\u0142ania swoich lek\u00f3w lub suplement\u00f3w,<\/p><p><img decoding=\"async\" class=\"emoji\" role=\"img\" draggable=\"false\" src=\"https:\/\/s.w.org\/images\/core\/emoji\/17.0.2\/svg\/2714.svg\" alt=\"\u2714\" \/>\u00a0chcesz zadba\u0107 o zdrowie z pomoc\u0105 farmaceuty, kt\u00f3ry naprawd\u0119 s\u0142ucha.<\/p><\/div>\n\t\t\t\t<\/div>\n\t\t\t\t\t\t\t\t<\/div>\n\t\t\t\t\t\t<\/div>\n\t\t\t\t<\/div>\n\t\t\t\t<\/div>\n\t\t\t\t\t<\/div>\n\t\t\t\t<\/div>\n\t\t<div class=\"elementor-element elementor-element-5b1b8fd4 e-flex e-con-boxed e-con e-parent\" data-id=\"5b1b8fd4\" data-element_type=\"container\" data-settings=\"{&quot;background_background&quot;:&quot;classic&quot;}\">\n\t\t\t\t\t<div class=\"e-con-inner\">\n\t\t<div class=\"elementor-element elementor-element-402d4d67 e-flex e-con-boxed e-con e-child\" data-id=\"402d4d67\" data-element_type=\"container\" data-settings=\"{&quot;background_background&quot;:&quot;classic&quot;}\">\n\t\t\t\t\t<div class=\"e-con-inner\">\n\t\t\t\t<div class=\"elementor-element elementor-element-2d3f8f63 elementor-widget elementor-widget-heading\" data-id=\"2d3f8f63\" data-element_type=\"widget\" data-widget_type=\"heading.default\">\n\t\t\t\t\t<h2 class=\"elementor-heading-title elementor-size-default\">Skontaktuj si\u0119 ze mn\u0105 ju\u017c dzi\u015b!<\/h2>\t\t\t\t<\/div>\n\t\t\t\t<div class=\"elementor-element elementor-element-1af1a74f elementor-widget elementor-widget-text-editor\" data-id=\"1af1a74f\" data-element_type=\"widget\" data-widget_type=\"text-editor.default\">\n\t\t\t\t\t\t\t\t\t<p>Jeste\u015bm tutaj, aby wspiera\u0107 Ci\u0119 w zakresie farmakoterapii. Ch\u0119tnie odpowiem na Twoje pytania i pomog\u0119 dobra\u0107 odpowiednie leki. Nie czekaj, zr\u00f3b pierwszy krok ku lepszemu zdrowiu!<\/p>\t\t\t\t\t\t\t\t<\/div>\n\t\t\t\t<div class=\"elementor-element elementor-element-78eae321 elementor-widget__width-auto elementor-align-right elementor-widget elementor-widget-button\" data-id=\"78eae321\" data-element_type=\"widget\" data-widget_type=\"button.default\">\n\t\t\t\t\t\t\t\t\t\t<a class=\"elementor-button elementor-button-link elementor-size-sm\" href=\"http:\/\/gabinet-farmaceuty.pl\/?page_id=34#kalendarz\">\n\t\t\t\t\t\t<span class=\"elementor-button-content-wrapper\">\n\t\t\t\t\t\t\t\t\t<span class=\"elementor-button-text\">Um\u00f3w wizyt\u0119<\/span>\n\t\t\t\t\t<\/span>\n\t\t\t\t\t<\/a>\n\t\t\t\t\t\t\t\t<\/div>\n\t\t\t\t\t<\/div>\n\t\t\t\t<\/div>\n\t\t\t\t\t<\/div>\n\t\t\t\t<\/div>\n\t\t\t\t<\/div>\n\t\t","protected":false},"excerpt":{"rendered":"<p>Witam w Gabinecie Farmaceutycznym O mnie Nazywam si\u0119 Dominika Sitek. Z wykszta\u0142cenia i pasji jestem farmaceutk\u0105 \u2013 od lat wspieram pacjent\u00f3w w ich codziennym leczeniu, pomagaj\u0105c im lepiej zrozumie\u0107 rol\u0119 lek\u00f3w, suplement\u00f3w i zdrowych nawyk\u00f3w w procesie powrotu do zdrowia. \u00a0 Jestem tu, aby zapewni\u0107 Pa\u0144stwu profesjonalne wsparcie w zakresie farmakoterapii. Moja pasja do zdrowia [&hellip;]<\/p>\n","protected":false},"author":1,"featured_media":0,"parent":0,"menu_order":0,"comment_status":"closed","ping_status":"closed","template":"","meta":{"footnotes":""},"class_list":["post-40","page","type-page","status-publish","hentry"],"_links":{"self":[{"href":"https:\/\/gabinet-farmaceuty.pl\/index.php?rest_route=\/wp\/v2\/pages\/40","targetHints":{"allow":["GET"]}}],"collection":[{"href":"https:\/\/gabinet-farmaceuty.pl\/index.php?rest_route=\/wp\/v2\/pages"}],"about":[{"href":"https:\/\/gabinet-farmaceuty.pl\/index.php?rest_route=\/wp\/v2\/types\/page"}],"author":[{"embeddable":true,"href":"https:\/\/gabinet-farmaceuty.pl\/index.php?rest_route=\/wp\/v2\/users\/1"}],"replies":[{"embeddable":true,"href":"https:\/\/gabinet-farmaceuty.pl\/index.php?rest_route=%2Fwp%2Fv2%2Fcomments&post=40"}],"version-history":[{"count":13,"href":"https:\/\/gabinet-farmaceuty.pl\/index.php?rest_route=\/wp\/v2\/pages\/40\/revisions"}],"predecessor-version":[{"id":345,"href":"https:\/\/gabinet-farmaceuty.pl\/index.php?rest_route=\/wp\/v2\/pages\/40\/revisions\/345"}],"wp:attachment":[{"href":"https:\/\/gabinet-farmaceuty.pl\/index.php?rest_route=%2Fwp%2Fv2%2Fmedia&parent=40"}],"curies":[{"name":"wp","href":"https:\/\/api.w.org\/{rel}","templated":true}]}}