{"id":37,"date":"2025-09-20T14:40:26","date_gmt":"2025-09-20T14:40:26","guid":{"rendered":"http:\/\/gabinet-farmaceuty.pl\/?page_id=37"},"modified":"2025-09-21T17:39:34","modified_gmt":"2025-09-21T17:39:34","slug":"kontakt","status":"publish","type":"page","link":"https:\/\/gabinet-farmaceuty.pl\/?page_id=37","title":{"rendered":"Kontakt"},"content":{"rendered":"\t\t<div data-elementor-type=\"wp-page\" data-elementor-id=\"37\" class=\"elementor elementor-37\" data-elementor-post-type=\"page\">\n\t\t\t\t<div class=\"elementor-element elementor-element-6e8222c2 e-flex e-con-boxed e-con e-parent\" data-id=\"6e8222c2\" data-element_type=\"container\" data-settings=\"{&quot;background_background&quot;:&quot;gradient&quot;}\">\n\t\t\t\t\t<div class=\"e-con-inner\">\n\t\t<div class=\"elementor-element elementor-element-b8f194e e-con-full e-flex e-con e-child\" data-id=\"b8f194e\" data-element_type=\"container\">\n\t\t\t\t<div class=\"elementor-element elementor-element-6e25fd2a elementor-widget elementor-widget-heading\" data-id=\"6e25fd2a\" data-element_type=\"widget\" data-widget_type=\"heading.default\">\n\t\t\t\t\t<h2 class=\"elementor-heading-title elementor-size-default\">Witamy w Gabinecie Farmaceutycznym<\/h2>\t\t\t\t<\/div>\n\t\t\t\t<\/div>\n\t\t<div class=\"elementor-element elementor-element-1dd31e05 e-con-full e-flex e-con e-child\" data-id=\"1dd31e05\" data-element_type=\"container\">\n\t\t\t\t<div class=\"elementor-element elementor-element-1f6c8704 elementor-widget elementor-widget-text-editor\" data-id=\"1f6c8704\" data-element_type=\"widget\" data-widget_type=\"text-editor.default\">\n\t\t\t\t\t\t\t\t\t<p>\ud83d\udc8a Wierz\u0119, \u017ce dobra opieka zaczyna si\u0119 od rozmowy.<\/p><p>\ud83d\udccd Sierpc | Gabinet farmaceutyczny Dominiki Sitek<\/p>\t\t\t\t\t\t\t\t<\/div>\n\t\t\t\t<\/div>\n\t\t\t\t\t<\/div>\n\t\t\t\t<\/div>\n\t\t<div class=\"elementor-element elementor-element-53bcb49 e-flex e-con-boxed e-con e-parent\" data-id=\"53bcb49\" data-element_type=\"container\">\n\t\t\t\t\t<div class=\"e-con-inner\">\n\t\t<div class=\"elementor-element elementor-element-2d10efdc e-con-full e-flex e-con e-child\" data-id=\"2d10efdc\" data-element_type=\"container\" data-settings=\"{&quot;background_background&quot;:&quot;classic&quot;}\">\n\t\t\t\t<div class=\"elementor-element elementor-element-2f8e78d1 elementor-widget elementor-widget-heading\" data-id=\"2f8e78d1\" data-element_type=\"widget\" data-widget_type=\"heading.default\">\n\t\t\t\t\t<h2 class=\"elementor-heading-title elementor-size-default\">Skontaktuj si\u0119 z nami<\/h2>\t\t\t\t<\/div>\n\t\t\t\t<div class=\"elementor-element elementor-element-666da0b7 elementor-widget elementor-widget-text-editor\" data-id=\"666da0b7\" data-element_type=\"widget\" data-widget_type=\"text-editor.default\">\n\t\t\t\t\t\t\t\t\t<p>Zapraszamy do kontaktu! Jeste\u015bmy tutaj, aby odpowiedzie\u0107 na wszystkie Twoje pytania i zapewni\u0107 Ci potrzebne wsparcie.\u00a0<\/p><p>Dzi\u0119kujemy za zainteresowanie naszymi us\u0142ugami.<\/p>\t\t\t\t\t\t\t\t<\/div>\n\t\t\t\t<div class=\"elementor-element elementor-element-2d65b9a3 elementor-tablet-align-left elementor-icon-list--layout-traditional elementor-list-item-link-full_width elementor-widget elementor-widget-icon-list\" data-id=\"2d65b9a3\" data-element_type=\"widget\" data-widget_type=\"icon-list.default\">\n\t\t\t\t\t\t\t<ul class=\"elementor-icon-list-items\">\n\t\t\t\t\t\t\t<li class=\"elementor-icon-list-item\">\n\t\t\t\t\t\t\t\t\t\t\t<span class=\"elementor-icon-list-icon\">\n\t\t\t\t\t\t\t<svg aria-hidden=\"true\" class=\"e-font-icon-svg e-fas-phone\" viewBox=\"0 0 512 512\" xmlns=\"http:\/\/www.w3.org\/2000\/svg\"><path d=\"M493.4 24.6l-104-24c-11.3-2.6-22.9 3.3-27.5 13.9l-48 112c-4.2 9.8-1.4 21.3 6.9 28l60.6 49.6c-36 76.7-98.9 140.5-177.2 177.2l-49.6-60.6c-6.8-8.3-18.2-11.1-28-6.9l-112 48C3.9 366.5-2 378.1.6 389.4l24 104C27.1 504.2 36.7 512 48 512c256.1 0 464-207.5 464-464 0-11.2-7.7-20.9-18.6-23.4z\"><\/path><\/svg>\t\t\t\t\t\t<\/span>\n\t\t\t\t\t\t\t\t\t\t<span class=\"elementor-icon-list-text\">799-282-166<\/span>\n\t\t\t\t\t\t\t\t\t<\/li>\n\t\t\t\t\t\t\t\t<li class=\"elementor-icon-list-item\">\n\t\t\t\t\t\t\t\t\t\t\t<span class=\"elementor-icon-list-icon\">\n\t\t\t\t\t\t\t<svg aria-hidden=\"true\" class=\"e-font-icon-svg e-fas-envelope\" viewBox=\"0 0 512 512\" xmlns=\"http:\/\/www.w3.org\/2000\/svg\"><path d=\"M502.3 190.8c3.9-3.1 9.7-.2 9.7 4.7V400c0 26.5-21.5 48-48 48H48c-26.5 0-48-21.5-48-48V195.6c0-5 5.7-7.8 9.7-4.7 22.4 17.4 52.1 39.5 154.1 113.6 21.1 15.4 56.7 47.8 92.2 47.6 35.7.3 72-32.8 92.3-47.6 102-74.1 131.6-96.3 154-113.7zM256 320c23.2.4 56.6-29.2 73.4-41.4 132.7-96.3 142.8-104.7 173.4-128.7 5.8-4.5 9.2-11.5 9.2-18.9v-19c0-26.5-21.5-48-48-48H48C21.5 64 0 85.5 0 112v19c0 7.4 3.4 14.3 9.2 18.9 30.6 23.9 40.7 32.4 173.4 128.7 16.8 12.2 50.2 41.8 73.4 41.4z\"><\/path><\/svg>\t\t\t\t\t\t<\/span>\n\t\t\t\t\t\t\t\t\t\t<span class=\"elementor-icon-list-text\">gabinetfarmaceuty@gmail.com<\/span>\n\t\t\t\t\t\t\t\t\t<\/li>\n\t\t\t\t\t\t\t\t<li class=\"elementor-icon-list-item\">\n\t\t\t\t\t\t\t\t\t\t\t<span class=\"elementor-icon-list-icon\">\n\t\t\t\t\t\t\t<svg aria-hidden=\"true\" class=\"e-font-icon-svg e-fas-map-marker-alt\" viewBox=\"0 0 384 512\" xmlns=\"http:\/\/www.w3.org\/2000\/svg\"><path d=\"M172.268 501.67C26.97 291.031 0 269.413 0 192 0 85.961 85.961 0 192 0s192 85.961 192 192c0 77.413-26.97 99.031-172.268 309.67-9.535 13.774-29.93 13.773-39.464 0zM192 272c44.183 0 80-35.817 80-80s-35.817-80-80-80-80 35.817-80 80 35.817 80 80 80z\"><\/path><\/svg>\t\t\t\t\t\t<\/span>\n\t\t\t\t\t\t\t\t\t\t<span class=\"elementor-icon-list-text\">ul. Staszica 24, Sierpc<\/span>\n\t\t\t\t\t\t\t\t\t<\/li>\n\t\t\t\t\t\t<\/ul>\n\t\t\t\t\t\t<\/div>\n\t\t\t\t<\/div>\n\t\t<div class=\"elementor-element elementor-element-19f31395 e-con-full e-flex e-con e-child\" data-id=\"19f31395\" data-element_type=\"container\">\n\t\t\t\t<div class=\"elementor-element elementor-element-1494565e elementor-widget elementor-widget-google_maps\" data-id=\"1494565e\" data-element_type=\"widget\" data-widget_type=\"google_maps.default\">\n\t\t\t\t\t\t\t<div class=\"elementor-custom-embed\">\n\t\t\t<iframe loading=\"lazy\"\n\t\t\t\t\tsrc=\"https:\/\/maps.google.com\/maps?q=staszica%2024%20sierpc&#038;t=m&#038;z=10&#038;output=embed&#038;iwloc=near\"\n\t\t\t\t\ttitle=\"staszica 24 sierpc\"\n\t\t\t\t\taria-label=\"staszica 24 sierpc\"\n\t\t\t><\/iframe>\n\t\t<\/div>\n\t\t\t\t\t\t<\/div>\n\t\t\t\t<\/div>\n\t\t\t\t\t<\/div>\n\t\t\t\t<\/div>\n\t\t<div class=\"elementor-element elementor-element-22df586c e-flex e-con-boxed e-con e-parent\" data-id=\"22df586c\" data-element_type=\"container\" data-settings=\"{&quot;background_background&quot;:&quot;gradient&quot;}\">\n\t\t\t\t\t<div class=\"e-con-inner\">\n\t\t<div class=\"elementor-element elementor-element-4443e5f e-con-full e-flex e-con e-child\" data-id=\"4443e5f\" data-element_type=\"container\">\n\t\t\t\t<div class=\"elementor-element elementor-element-156fdfd3 elementor-widget elementor-widget-heading\" data-id=\"156fdfd3\" data-element_type=\"widget\" data-widget_type=\"heading.default\">\n\t\t\t\t\t<h2 class=\"elementor-heading-title elementor-size-default\">Zarezerwuj wizyt\u0119 ju\u017c dzi\u015b!<\/h2>\t\t\t\t<\/div>\n\t\t\t\t<div class=\"elementor-element elementor-element-1c0325c3 elementor-widget elementor-widget-text-editor\" data-id=\"1c0325c3\" data-element_type=\"widget\" data-widget_type=\"text-editor.default\">\n\t\t\t\t\t\t\t\t\t<p>Nie zwlekaj, skorzystaj z naszych us\u0142ug farmaceutycznych. Nasz zesp\u00f3\u0142 z przyjemno\u015bci\u0105 pomo\u017ce Ci w wyborze w\u0142a\u015bciwej terapii. Zapewniamy profesjonalne wsparcie oraz indywidualne podej\u015bcie, kt\u00f3re przyniesie Ci ulg\u0119 i komfort. Zarezerwuj wizyt\u0119 online lub skontaktuj si\u0119 z nami telefonicznie, aby uzyska\u0107 wi\u0119cej informacji.<\/p>\t\t\t\t\t\t\t\t<\/div>\n\t\t\t\t<div class=\"elementor-element elementor-element-3cd6ac46 elementor-widget__width-auto elementor-widget elementor-widget-button\" data-id=\"3cd6ac46\" data-element_type=\"widget\" data-widget_type=\"button.default\">\n\t\t\t\t\t\t\t\t\t\t<a class=\"elementor-button elementor-button-link elementor-size-sm\" href=\"http:\/\/gabinet-farmaceuty.pl\/?page_id=34#kalendarz\">\n\t\t\t\t\t\t<span class=\"elementor-button-content-wrapper\">\n\t\t\t\t\t\t\t\t\t<span class=\"elementor-button-text\">Rezerwuj wizyt\u0119<\/span>\n\t\t\t\t\t<\/span>\n\t\t\t\t\t<\/a>\n\t\t\t\t\t\t\t\t<\/div>\n\t\t\t\t<\/div>\n\t\t\t\t\t<\/div>\n\t\t\t\t<\/div>\n\t\t\t\t<\/div>\n\t\t","protected":false},"excerpt":{"rendered":"<p>Witamy w Gabinecie Farmaceutycznym \ud83d\udc8a Wierz\u0119, \u017ce dobra opieka zaczyna si\u0119 od rozmowy. \ud83d\udccd Sierpc | Gabinet farmaceutyczny Dominiki Sitek Skontaktuj si\u0119 z nami Zapraszamy do kontaktu! Jeste\u015bmy tutaj, aby odpowiedzie\u0107 na wszystkie Twoje pytania i zapewni\u0107 Ci potrzebne wsparcie.\u00a0 Dzi\u0119kujemy za zainteresowanie naszymi us\u0142ugami. 799-282-166 gabinetfarmaceuty@gmail.com ul. Staszica 24, Sierpc Zarezerwuj wizyt\u0119 ju\u017c dzi\u015b! [&hellip;]<\/p>\n","protected":false},"author":1,"featured_media":0,"parent":0,"menu_order":0,"comment_status":"closed","ping_status":"closed","template":"","meta":{"footnotes":""},"class_list":["post-37","page","type-page","status-publish","hentry"],"_links":{"self":[{"href":"https:\/\/gabinet-farmaceuty.pl\/index.php?rest_route=\/wp\/v2\/pages\/37","targetHints":{"allow":["GET"]}}],"collection":[{"href":"https:\/\/gabinet-farmaceuty.pl\/index.php?rest_route=\/wp\/v2\/pages"}],"about":[{"href":"https:\/\/gabinet-farmaceuty.pl\/index.php?rest_route=\/wp\/v2\/types\/page"}],"author":[{"embeddable":true,"href":"https:\/\/gabinet-farmaceuty.pl\/index.php?rest_route=\/wp\/v2\/users\/1"}],"replies":[{"embeddable":true,"href":"https:\/\/gabinet-farmaceuty.pl\/index.php?rest_route=%2Fwp%2Fv2%2Fcomments&post=37"}],"version-history":[{"count":16,"href":"https:\/\/gabinet-farmaceuty.pl\/index.php?rest_route=\/wp\/v2\/pages\/37\/revisions"}],"predecessor-version":[{"id":260,"href":"https:\/\/gabinet-farmaceuty.pl\/index.php?rest_route=\/wp\/v2\/pages\/37\/revisions\/260"}],"wp:attachment":[{"href":"https:\/\/gabinet-farmaceuty.pl\/index.php?rest_route=%2Fwp%2Fv2%2Fmedia&parent=37"}],"curies":[{"name":"wp","href":"https:\/\/api.w.org\/{rel}","templated":true}]}}